{"id":2233,"date":"2023-12-13T16:00:11","date_gmt":"2023-12-13T15:00:11","guid":{"rendered":"https:\/\/store.frenchicfrance.com\/?post_type=product&#038;p=2233"},"modified":"2026-01-11T17:05:33","modified_gmt":"2026-01-11T16:05:33","slug":"al-fresco-hot-lips-750ml-250ml","status":"publish","type":"product","link":"https:\/\/store.frenchicfrance.com\/fr\/produit\/al-fresco-hot-lips-750ml-250ml\/","title":{"rendered":"Al Fresco &#8211; Hot Lips &#8211; 750ml &#038; 250ml"},"content":{"rendered":"<p>Hot Lips &#8211; Fortune favours the brave, right? Well, you can really go for it with this simply stunning, bright scarlet-red! Strut your stuff and reap the rewards.<\/p>\n<p>Al Fresco in Hot Lips is an unique exterior and interior chalk paint developed specifically for wooden furniture, but also loves most surfaces.<\/p>\n<p>Perfect for harmonising the garden, great for masonry, painting garage doors and UPVC doors and windows.<\/p>\n<p>Just the job for plastic garden furniture with its flexible-friendly properties and perfect for fences, plant-filled terracotta pots, outdoor toys and pet hutches without risk to children, animals or plants.<\/p>\n<h4><strong>Preparation before using Hot Lips:<\/strong><\/h4>\n<p>Before using Al Fresco in Hot Lips, all surfaces should be clean, dry and free from grease and other penetrating substances.<\/p>\n<p>Pour les surfaces d\u00e9j\u00e0 peintes, enlevez la peinture qui se d\u00e9tache ou s'\u00e9caille.<\/p>\n<p>Clean with <a href=\"https:\/\/store.frenchicfrance.com\/fr\/produit\/sugar-soap-500ml\/\">Cristaux de Soude<\/a>, rinse and allow to dry, light sand to \u2018key\u2019 the surface to maximise paint adherence.<\/p>\n<h4><strong>How to apply Hot Lips:<\/strong><\/h4>\n<p>Remuez bien avant de l'utiliser.<\/p>\n<p>Un minimum de 2 couches est n\u00e9cessaire.<\/p>\n<p>\u00c9vitez de peindre en plein soleil ou lorsqu'il y a de l'humidit\u00e9 dans l'air.<\/p>\n<p>For outdoor projects, the temperature needs to be above 10 degrees during the night and day to avoid the build up of humidity bubbles between coats.<\/p>\n<p>La couverture varie en fonction de l'\u00e9tat et de la porosit\u00e9 de la surface.<\/p>\n<h4><strong>Drying time for Hot Lips:<\/strong><\/h4>\n<p>It will be touch dry 2 hours but treat gently for a few days for the paint to cure.<\/p>\n<h4><strong>Storage and cleaning of Hot Lips:<\/strong><\/h4>\n<p>Nettoyez imm\u00e9diatement toute trace de peinture.<\/p>\n<p>Refermez le pot apr\u00e8s utilisation.<\/p>\n<p>\u00c9vitez de stocker votre peinture dans des conditions de gel ou de temp\u00e9rature \u00e9lev\u00e9e.<\/p>\n<p>Clean the brush with warm, soapy water after use.<\/p>\n<p>Al Fresco is a water based, very low VOC exterior chalk and mineral furniture paint specially developed to protect your outside furniture while at the same time transforming your garden into a pleasurable, relaxing outdoor environment.<\/p>\n<p>Al Fresco est certifi\u00e9e EN\u202f;71.3, qui veut dire qu\u2019elle est une peinture sans danger pour les jouets pour enfants.<\/p>\n<p>Surface : 750ml peut couvrir environ 7.5m2 par couche.<\/p>\n<p>La couverture variera selon l'\u00e9tat de la surface. Le bois brut r\u00e9duira la couverture.<\/p>\n<p><strong>Hot Lips is also available in:<\/strong><br \/>\nChalk Wall Paint<br \/>\nPeinture Trim<\/p>\n<p>We are available via WhatsApp &#8211;<a href=\"https:\/\/wa.me\/33784863599\" target=\"_blank\" rel=\"noopener\">\u00a0click here:\u00a0<\/a><\/p>","protected":false},"excerpt":{"rendered":"<p>Hot Lips &#8211; Fortune favours the brave, right? Well, you can really go for it with this simply stunning, bright scarlet-red! Strut your stuff and reap the rewards.<\/p>\n<p><strong>La m\u00eame couleur est \u00e9galement disponible dans\u00a0:<\/strong><br \/>\n<img decoding=\"async\" src=\"https:\/\/cdn.shopify.com\/s\/files\/1\/1421\/4742\/files\/heart_sml_16x16.png?v=1661976903\" \/> <a href=\"https:\/\/store.frenchicfrance.com\/fr\/produit\/wall-paint-hot-lips-2-5l\/\">Chalk Wall Paint<\/a><br \/>\n<img decoding=\"async\" src=\"https:\/\/cdn.shopify.com\/s\/files\/1\/1421\/4742\/files\/heart_sml_16x16.png?v=1661976903\" \/> <a href=\"https:\/\/store.frenchicfrance.com\/fr\/produit\/trim-paint-hot-lips-500ml\/\">Peinture Trim<\/a><br \/>\n<img decoding=\"async\" src=\"https:\/\/cdn.shopify.com\/s\/files\/1\/1421\/4742\/files\/heart_sml_16x16.png?v=1661976903\" \/><a href=\"https:\/\/store.frenchicfrance.com\/fr\/produit\/peel-and-stick-paint-samples\/\"> Peel and Stick Paint Sample<\/a><\/p>","protected":false},"featured_media":2238,"template":"","meta":[],"product_brand":[],"product_cat":[46],"product_tag":[249],"class_list":{"0":"post-2233","1":"product","2":"type-product","3":"status-publish","4":"has-post-thumbnail","6":"product_cat-al-fresco","7":"product_tag-al-fresco","9":"first","10":"instock","11":"taxable","12":"shipping-taxable","13":"purchasable","14":"product-type-variable"},"jetpack_sharing_enabled":true,"_links":{"self":[{"href":"https:\/\/store.frenchicfrance.com\/fr\/wp-json\/wp\/v2\/product\/2233","targetHints":{"allow":["GET"]}}],"collection":[{"href":"https:\/\/store.frenchicfrance.com\/fr\/wp-json\/wp\/v2\/product"}],"about":[{"href":"https:\/\/store.frenchicfrance.com\/fr\/wp-json\/wp\/v2\/types\/product"}],"wp:featuredmedia":[{"embeddable":true,"href":"https:\/\/store.frenchicfrance.com\/fr\/wp-json\/wp\/v2\/media\/2238"}],"wp:attachment":[{"href":"https:\/\/store.frenchicfrance.com\/fr\/wp-json\/wp\/v2\/media?parent=2233"}],"wp:term":[{"taxonomy":"product_brand","embeddable":true,"href":"https:\/\/store.frenchicfrance.com\/fr\/wp-json\/wp\/v2\/product_brand?post=2233"},{"taxonomy":"product_cat","embeddable":true,"href":"https:\/\/store.frenchicfrance.com\/fr\/wp-json\/wp\/v2\/product_cat?post=2233"},{"taxonomy":"product_tag","embeddable":true,"href":"https:\/\/store.frenchicfrance.com\/fr\/wp-json\/wp\/v2\/product_tag?post=2233"}],"curies":[{"name":"wp","href":"https:\/\/api.w.org\/{rel}","templated":true}]}}