{"id":285,"date":"2022-06-19T18:24:54","date_gmt":"2022-06-19T16:24:54","guid":{"rendered":"https:\/\/store.frenchicfrance.com\/?post_type=product&#038;p=285"},"modified":"2026-04-07T16:15:52","modified_gmt":"2026-04-07T14:15:52","slug":"al-fresco-dazzle-me","status":"publish","type":"product","link":"https:\/\/store.frenchicfrance.com\/fr\/produit\/al-fresco-dazzle-me\/","title":{"rendered":"Al Fresco &#8211; Dazzle Me! &#8211; 750ml &#038; 250ml"},"content":{"rendered":"<p>Dazzle Me! &#8211; Pretty much the brightest, most dazzling white around! Brighten up anywhere, make other colours pop!<\/p>\n<p>The Al Fresco Inside\/Outside Range in Dazzle Me! is a water based, durable, weatherproof, UV resistant chalk and mineral paint specifically developed to transform your garden or indoor furniture.<\/p>\n<p>Parfaite pour harmoniser le jardin, id\u00e9ale pour la ma\u00e7onnerie, la peinture des portes de garage et le PVC.<\/p>\n<p>Just the job for plastic garden furniture with its flexible-friendly properties and perfect for fences, plant-filled terracotta pots, outdoor toys and pet hutches without risk to children, animals or plants.<\/p>\n<p>It is incredibly versatile, eco-friendly, smooth, creamy and virtually odourless with a palette of 20 best-selling colours \u2013 plus exciting Limited Editions offered annually.<br \/>\nRequiring simple preparation, it is self-levelling (meaning little to no brush marks), self-priming and self-sealing with excellent coverage.<br \/>\nThe Al Fresco Range has minimal VOC content and has gone through rigorous testing to be certified UKCA and EN71-3 compliant meaning it is safe to use on children\u2019s toys. With a very low, almost flat finish, suitable for wood, laminate, UPVC and metal, it is a great choice for your kitchen, bathroom, front door or just about any type of garden furniture.<\/p>\n<h4><strong>Comment le pr\u00e9parer :<\/strong><\/h4>\n<p>Before using Al Fresco in Dazzle Me!, all surfaces should be clean, dry and free from grease and other penetrating substances.<\/p>\n<p>Pour les surfaces d\u00e9j\u00e0 peintes, enlevez la peinture qui se d\u00e9tache ou s'\u00e9caille.<\/p>\n<p>Clean with <a href=\"https:\/\/store.frenchicfrance.com\/fr\/produit\/sugar-soap-500ml\/\">Cristaux de Soude<\/a>, rinse &amp; allow to dry, light sand to \u2018key\u2019 the surface to maximise paint adherence.<\/p>\n<h4><strong>How to apply Dazzle Me!:<\/strong><\/h4>\n<p>Remuez bien avant de l'utiliser.<\/p>\n<p>Un minimum de 2 couches est n\u00e9cessaire.<\/p>\n<p>\u00c9vitez de peindre en plein soleil ou lorsqu'il y a de l'humidit\u00e9 dans l'air.<\/p>\n<p>La couverture varie en fonction de l'\u00e9tat et de la porosit\u00e9 de la surface.<\/p>\n<h4><strong>Temps de s\u00e9chage:<\/strong><\/h4>\n<p>It will be touch dry 2 hours but treat gently for a few days for the paint to cure.<\/p>\n<h4><strong>Stockage et nettoyage:<\/strong><\/h4>\n<p>Nettoyez imm\u00e9diatement toute trace de peinture.<\/p>\n<p>Refermez le pot apr\u00e8s utilisation.<\/p>\n<p>\u00c9vitez de stocker votre peinture dans des conditions de gel ou de temp\u00e9rature \u00e9lev\u00e9e.<\/p>\n<p>Clean the brush with warm, soapy water after use.<\/p>\n<p>Frenchic \u00ae Al Fresco est une peinture ext\u00e9rieure \u00e0 base d'eau et \u00e0 tr\u00e8s faible teneur en COV pour meubles \u00e0 la craie et min\u00e9rale sp\u00e9cialement d\u00e9velopp\u00e9e pour prot\u00e9ger votre mobilier d'ext\u00e9rieur tout en transformant votre jardin en un environnement ext\u00e9rieur agr\u00e9able et relaxant.<\/p>\n<p>Al Fresco est certifi\u00e9e EN\u202f;71.3, qui veut dire qu\u2019elle est une peinture sans danger pour les jouets pour enfants.<\/p>\n<p>Surface : 750ml peut couvrir environ 7.5m2 par couche.<\/p>\n<p>La couverture variera selon l'\u00e9tat de la surface. Le bois brut r\u00e9duira la couverture.<\/p>\n<p>We are available via WhatsApp &#8211;<a href=\"https:\/\/wa.me\/33784863599\" target=\"_blank\" rel=\"noopener\">\u00a0click here:\u00a0<\/a><\/p>","protected":false},"excerpt":{"rendered":"<p>Dazzle Me! &#8211; Pretty much the brightest, most dazzling white around! Brighten up anywhere, make other colours pop!<\/p>","protected":false},"featured_media":320,"template":"","meta":[],"product_brand":[],"product_cat":[46],"product_tag":[249],"class_list":{"0":"post-285","1":"product","2":"type-product","3":"status-publish","4":"has-post-thumbnail","6":"product_cat-al-fresco","7":"product_tag-al-fresco","9":"first","10":"instock","11":"taxable","12":"shipping-taxable","13":"purchasable","14":"product-type-variable"},"jetpack_sharing_enabled":true,"_links":{"self":[{"href":"https:\/\/store.frenchicfrance.com\/fr\/wp-json\/wp\/v2\/product\/285","targetHints":{"allow":["GET"]}}],"collection":[{"href":"https:\/\/store.frenchicfrance.com\/fr\/wp-json\/wp\/v2\/product"}],"about":[{"href":"https:\/\/store.frenchicfrance.com\/fr\/wp-json\/wp\/v2\/types\/product"}],"wp:featuredmedia":[{"embeddable":true,"href":"https:\/\/store.frenchicfrance.com\/fr\/wp-json\/wp\/v2\/media\/320"}],"wp:attachment":[{"href":"https:\/\/store.frenchicfrance.com\/fr\/wp-json\/wp\/v2\/media?parent=285"}],"wp:term":[{"taxonomy":"product_brand","embeddable":true,"href":"https:\/\/store.frenchicfrance.com\/fr\/wp-json\/wp\/v2\/product_brand?post=285"},{"taxonomy":"product_cat","embeddable":true,"href":"https:\/\/store.frenchicfrance.com\/fr\/wp-json\/wp\/v2\/product_cat?post=285"},{"taxonomy":"product_tag","embeddable":true,"href":"https:\/\/store.frenchicfrance.com\/fr\/wp-json\/wp\/v2\/product_tag?post=285"}],"curies":[{"name":"wp","href":"https:\/\/api.w.org\/{rel}","templated":true}]}}