{"id":301,"date":"2022-06-19T18:24:55","date_gmt":"2022-06-19T16:24:55","guid":{"rendered":"https:\/\/store.frenchicfrance.com\/?post_type=product&#038;p=301"},"modified":"2026-04-16T09:26:56","modified_gmt":"2026-04-16T07:26:56","slug":"al-fresco-victory-lane","status":"publish","type":"product","link":"https:\/\/store.frenchicfrance.com\/fr\/produit\/al-fresco-victory-lane\/","title":{"rendered":"Al Fresco &#8211; Victory Lane &#8211; 750ml &#038; 250ml"},"content":{"rendered":"<p>Victory Lane &#8211; Cruising down the winning Grand Prix lane, this stirling performer of a British racing green deserves accolade indeed.<\/p>\n<p>Champion, whatever your style \u2013 botanical, jewel, earthy, classic, vintage\u2026 we could go on&#8230;<\/p>\n<p>Al Fresco in Victory Lane is an unique exterior &amp; interior chalk paint developed specifically for wooden furniture, but also loves most surfaces.<\/p>\n<p>Parfaite pour harmoniser le jardin, id\u00e9ale pour la ma\u00e7onnerie, la peinture des portes de garage et le PVC.<\/p>\n<p>Just the job for plastic garden furniture with its flexible-friendly properties.<\/p>\n<p>Perfect for fences, plant-filled terracotta pots, outdoor toys and pet hutches without risk to children, animals or plants.<\/p>\n<h4><strong>Comment le pr\u00e9parer :<\/strong><\/h4>\n<p>Before using Al Fresco in Victory Lane, all surfaces should be clean, dry and free from grease and other penetrating substances.<\/p>\n<p>Pour les surfaces d\u00e9j\u00e0 peintes, enlevez la peinture qui se d\u00e9tache ou s'\u00e9caille.<\/p>\n<p>Clean with <a href=\"https:\/\/store.frenchicfrance.com\/fr\/produit\/sugar-soap-500ml\/\">Cristaux de Soude<\/a>, rinse &amp; allow to dry, light sand to \u2018key\u2019 the surface to maximise paint adherence.<\/p>\n<h4><strong>How to apply Victory Lane:<\/strong><\/h4>\n<p>Remuez bien avant de l'utiliser.<\/p>\n<p>Un minimum de 2 couches est n\u00e9cessaire.<\/p>\n<p>\u00c9vitez de peindre en plein soleil ou lorsqu'il y a de l'humidit\u00e9 dans l'air.<\/p>\n<p>La couverture varie en fonction de l'\u00e9tat et de la porosit\u00e9 de la surface.<\/p>\n<h4><strong>Temps de s\u00e9chage:<\/strong><\/h4>\n<p>It will be touch dry 2 hours but treat gently for a few days for the paint to cure.<\/p>\n<h4><strong>Stockage et nettoyage:<\/strong><\/h4>\n<p>Nettoyez imm\u00e9diatement toute trace de peinture.<\/p>\n<p>Refermez le pot apr\u00e8s utilisation.<\/p>\n<p>\u00c9vitez de stocker votre peinture dans des conditions de gel ou de temp\u00e9rature \u00e9lev\u00e9e.<\/p>\n<p>Clean the brush with warm, soapy water after use.<\/p>\n<p>Frenchic \u00ae Al Fresco is a water based, very low VOC exterior chalk and mineral furniture paint.<\/p>\n<p>Specially developed to protect your outside furniture while at the same time transforming your garden into a pleasurable, relaxing outdoor environment.<\/p>\n<p>Al Fresco est certifi\u00e9e EN\u202f;71.3, qui veut dire qu\u2019elle est une peinture sans danger pour les jouets pour enfants.<\/p>\n<p>Surface : 750ml peut couvrir environ 7.5m2 par couche.<\/p>\n<p>Coverage will vary depending on the condition of the surface.<\/p>\n<p>Rougher wood will reduce the coverage.<\/p>\n<p><strong>La m\u00eame couleur est \u00e9galement disponible dans\u00a0:<\/strong><br \/>\nPeel and Stick Paint Sample<br \/>\nChalk Wall Paint<br \/>\nPeinture Trim<\/p>\n<p>We are available via WhatsApp &#8211;<a href=\"https:\/\/wa.me\/33784863599\" target=\"_blank\" rel=\"noopener\">\u00a0click here:\u00a0<\/a><\/p>","protected":false},"excerpt":{"rendered":"<p>Victory Lane &#8211; Cruising down the winning Grand Prix lane, this stirling performer of a British racing green deserves accolade indeed. Champion, whatever your style \u2013 botanical, jewel, earthy, classic, vintage\u2026 we could go on&#8230;<\/p>\n<p><strong>La m\u00eame couleur est \u00e9galement disponible dans\u00a0:<\/strong><br \/>\n<img decoding=\"async\" src=\"https:\/\/cdn.shopify.com\/s\/files\/1\/1421\/4742\/files\/heart_sml_16x16.png?v=1661976903\" \/> <a href=\"https:\/\/store.frenchicfrance.com\/fr\/produit\/peel-and-stick-paint-samples\/\">Peel and Stick Paint Sample<\/a><br \/>\n<img decoding=\"async\" src=\"https:\/\/cdn.shopify.com\/s\/files\/1\/1421\/4742\/files\/heart_sml_16x16.png?v=1661976903\" \/> <a href=\"https:\/\/store.frenchicfrance.com\/fr\/produit\/wall-paint-victory-lane-2-5l\/\">Chalk Wall Paint<\/a><br \/>\n<img decoding=\"async\" src=\"https:\/\/cdn.shopify.com\/s\/files\/1\/1421\/4742\/files\/heart_sml_16x16.png?v=1661976903\" \/> <a href=\"https:\/\/store.frenchicfrance.com\/fr\/produit\/trim-paint-victory-lane-500ml\/\">Peinture Trim<\/a><\/p>","protected":false},"featured_media":346,"template":"","meta":[],"product_brand":[],"product_cat":[46],"product_tag":[249],"class_list":{"0":"post-301","1":"product","2":"type-product","3":"status-publish","4":"has-post-thumbnail","6":"product_cat-al-fresco","7":"product_tag-al-fresco","9":"first","10":"instock","11":"taxable","12":"shipping-taxable","13":"purchasable","14":"product-type-variable"},"jetpack_sharing_enabled":true,"_links":{"self":[{"href":"https:\/\/store.frenchicfrance.com\/fr\/wp-json\/wp\/v2\/product\/301","targetHints":{"allow":["GET"]}}],"collection":[{"href":"https:\/\/store.frenchicfrance.com\/fr\/wp-json\/wp\/v2\/product"}],"about":[{"href":"https:\/\/store.frenchicfrance.com\/fr\/wp-json\/wp\/v2\/types\/product"}],"wp:featuredmedia":[{"embeddable":true,"href":"https:\/\/store.frenchicfrance.com\/fr\/wp-json\/wp\/v2\/media\/346"}],"wp:attachment":[{"href":"https:\/\/store.frenchicfrance.com\/fr\/wp-json\/wp\/v2\/media?parent=301"}],"wp:term":[{"taxonomy":"product_brand","embeddable":true,"href":"https:\/\/store.frenchicfrance.com\/fr\/wp-json\/wp\/v2\/product_brand?post=301"},{"taxonomy":"product_cat","embeddable":true,"href":"https:\/\/store.frenchicfrance.com\/fr\/wp-json\/wp\/v2\/product_cat?post=301"},{"taxonomy":"product_tag","embeddable":true,"href":"https:\/\/store.frenchicfrance.com\/fr\/wp-json\/wp\/v2\/product_tag?post=301"}],"curies":[{"name":"wp","href":"https:\/\/api.w.org\/{rel}","templated":true}]}}