{"id":3087,"date":"2024-03-21T15:38:33","date_gmt":"2024-03-21T14:38:33","guid":{"rendered":"https:\/\/store.frenchicfrance.com\/?post_type=product&#038;p=3087"},"modified":"2025-06-20T14:07:22","modified_gmt":"2025-06-20T12:07:22","slug":"wall-paint-after-midnight-2-5l","status":"publish","type":"product","link":"https:\/\/store.frenchicfrance.com\/fr\/produit\/wall-paint-after-midnight-2-5l\/","title":{"rendered":"Chalk Wall Paint &#8211; After Midnight &#8211; 2.5L"},"content":{"rendered":"<p>Chalk Wall Paint &#8211; After Midnight &#8211; A deep and velvety dark blue with distinctive teal tones. Think shadowy depths of an island lagoon. Completely adaptable, strong and dramatic in any setting and a perfect backdrop for neutrals or jewel tones. Fabulous teamed with mid-century teak or cool scandi vibes if they are your thing. Similar to Into the Night but a little greener.<\/p>\n<p>The Chalk Wall Paint Range in After Midnight, is luxurious, practical and totally scrubbable.<\/p>\n<p>The Chalk Wall Paint is ultra-matte and velvety with really excellent coverage, this revolutionary product will enhance any room it graces.<\/p>\n<p>Applied in only 1-2 coats, it is breathable, durable and has virtually no odour.<\/p>\n<p>With minimal VOC content, it has achieved an ISO11998 Class 1 Wet Scrub rating, plus UKCA and EN 71-3 certification.<\/p>\n<p>This means it is ideal for painting nurseries and any other interior rooms &#8211; see matching soft-satin Trim Paint for skirtings and woodwork.<\/p>\n<p>But it&#8217;s not just for walls!<\/p>\n<p>It is also great for other interior surfaces like ceramic wall tiles, furniture and wood or concrete floors!<\/p>\n<p>The <a href=\"https:\/\/store.frenchicfrance.com\/fr\/produit\/colour-collection-chart\/\">Colour Collection Chart<\/a> &#8211; With a full palette of 159 colours and packed with useful information about using and testing colour in your home, the Colour Collection Chart is your personal reference guide to let your creativity shine with the limitless possibilities of every single shade at your fingertips.<\/p>\n<p>The Colour Collection Chart shows all the colours across the 5 ranges of Frenchic paint:<br \/>\n<a href=\"https:\/\/store.frenchicfrance.com\/fr\/al-fresco\/\">Al Fresco<\/a> &#8211; Matte self-sealing chalk paint for interior and exterior use<br \/>\n<a href=\"https:\/\/store.frenchicfrance.com\/fr\/lazy-range\/\">Lazy Range<\/a> &#8211; Matte self-sealing chalk paint for interior use<br \/>\n<a href=\"https:\/\/store.frenchicfrance.com\/fr\/orginal-artisan-range\/\">Original Artisan Range<\/a> &#8211; Traditional chalk paint for interior and decorative use<br \/>\n<a href=\"https:\/\/store.frenchicfrance.com\/fr\/trim-paint\/\">Peinture Trim<\/a> &#8211; Satin paint for interior use<br \/>\n<a href=\"https:\/\/store.frenchicfrance.com\/fr\/wall-paint\/\">Chalk Wall Paint<\/a> &#8211; Ultra matte chalk paint for interior use<\/p>\n<h4><strong>Comment le pr\u00e9parer :<\/strong><\/h4>\n<p>Before using the Chalk Wall Paint in After Midnight, surfaces should be clean, dry and free from grease and other penetrating substances.<\/p>\n<p>Pour les surfaces d\u00e9j\u00e0 peintes, enlevez la peinture qui se d\u00e9tache ou s'\u00e9caille.<\/p>\n<p>Clean with <a href=\"https:\/\/store.frenchicfrance.com\/fr\/produit\/sugar-soap-500ml\/\">Cristaux de Soude<\/a>, rinse &amp; allow to dry, light sand to \u2018key\u2019 the surface to maximise paint adherence.<\/p>\n<h4><strong>How to apply After Midnight:<\/strong><\/h4>\n<p>Remuez bien avant de l'utiliser.<\/p>\n<p>Un minimum de 2 couches est n\u00e9cessaire.<\/p>\n<p>\u00c9vitez de peindre en plein soleil ou lorsqu'il y a de l'humidit\u00e9 dans l'air.<\/p>\n<p>La couverture varie en fonction de l'\u00e9tat et de la porosit\u00e9 de la surface.<\/p>\n<h4><strong>Temps de s\u00e9chage:<\/strong><\/h4>\n<p>it will be touch dry 1 hour<\/p>\n<p><strong>Stockage et nettoyage:<\/strong><\/p>\n<p>Nettoyez imm\u00e9diatement toute trace de peinture.<\/p>\n<p>Refermez le pot apr\u00e8s utilisation.<\/p>\n<p>\u00c9vitez de stocker votre peinture dans des conditions de gel ou de temp\u00e9rature \u00e9lev\u00e9e.<\/p>\n<p>Clean the brush with warm, soapy water after use.<\/p>\n<p>Certifi\u00e9 sans danger pour les jouets selon EN71-3:2013+A3:2019.<\/p>\n<div class=\"fb-post\" data-href=\"https:\/\/www.facebook.com\/frenchicfrance\/photos\/?ref=page_internal\" data-width=\"552\" style=\"background-color: #fff; display: inline-block;\"><\/div>\n<p><strong>La m\u00eame couleur est \u00e9galement disponible dans\u00a0:<\/strong><br \/>\nPeinture Trim<br \/>\nAl Fresco<br \/>\nPeel and Stick Paint Sample<\/p>\n<p>We are available via WhatsApp &#8211;<a href=\"https:\/\/wa.me\/33784863599\" target=\"_blank\" rel=\"noopener\">\u00a0click here:\u00a0<\/a><\/p>","protected":false},"excerpt":{"rendered":"<p>After Midnight &#8211; A deep and velvety dark blue with distinctive teal tones. Think shadowy depths of an island lagoon. Completely adaptable, strong and dramatic in any setting and a perfect backdrop for neutrals or jewel tones. Fabulous teamed with mid-century teak or cool scandi vibes if they are your thing. Similar to Into the Night but a little greener.<\/p>\n<p><strong>La m\u00eame couleur est \u00e9galement disponible dans\u00a0:<br \/>\n<\/strong><img decoding=\"async\" src=\"https:\/\/cdn.shopify.com\/s\/files\/1\/1421\/4742\/files\/heart_sml_16x16.png?v=1661976903\" \/> <a href=\"https:\/\/store.frenchicfrance.com\/fr\/produit\/trim-paint-after-midnight-500ml\/\">Peinture Trim<\/a><br \/>\n<img decoding=\"async\" src=\"https:\/\/cdn.shopify.com\/s\/files\/1\/1421\/4742\/files\/heart_sml_16x16.png?v=1661976903\" \/> <a href=\"https:\/\/store.frenchicfrance.com\/fr\/produit\/al-fresco-after-midnight\/\">Al Fresco<\/a><br \/>\n<img decoding=\"async\" src=\"https:\/\/cdn.shopify.com\/s\/files\/1\/1421\/4742\/files\/heart_sml_16x16.png?v=1661976903\" \/> <a href=\"https:\/\/store.frenchicfrance.com\/fr\/produit\/peel-and-stick-paint-samples\/\">Peel and Stick Paint Sample<\/a><\/p>\n<p>&nbsp;<\/p>","protected":false},"featured_media":2568,"template":"","meta":[],"product_brand":[],"product_cat":[76],"product_tag":[244],"class_list":{"0":"post-3087","1":"product","2":"type-product","3":"status-publish","4":"has-post-thumbnail","6":"product_cat-wall-paint","7":"product_tag-wall-paint","9":"first","10":"onbackorder","11":"taxable","12":"shipping-taxable","13":"purchasable","14":"product-type-simple"},"jetpack_sharing_enabled":true,"_links":{"self":[{"href":"https:\/\/store.frenchicfrance.com\/fr\/wp-json\/wp\/v2\/product\/3087","targetHints":{"allow":["GET"]}}],"collection":[{"href":"https:\/\/store.frenchicfrance.com\/fr\/wp-json\/wp\/v2\/product"}],"about":[{"href":"https:\/\/store.frenchicfrance.com\/fr\/wp-json\/wp\/v2\/types\/product"}],"wp:featuredmedia":[{"embeddable":true,"href":"https:\/\/store.frenchicfrance.com\/fr\/wp-json\/wp\/v2\/media\/2568"}],"wp:attachment":[{"href":"https:\/\/store.frenchicfrance.com\/fr\/wp-json\/wp\/v2\/media?parent=3087"}],"wp:term":[{"taxonomy":"product_brand","embeddable":true,"href":"https:\/\/store.frenchicfrance.com\/fr\/wp-json\/wp\/v2\/product_brand?post=3087"},{"taxonomy":"product_cat","embeddable":true,"href":"https:\/\/store.frenchicfrance.com\/fr\/wp-json\/wp\/v2\/product_cat?post=3087"},{"taxonomy":"product_tag","embeddable":true,"href":"https:\/\/store.frenchicfrance.com\/fr\/wp-json\/wp\/v2\/product_tag?post=3087"}],"curies":[{"name":"wp","href":"https:\/\/api.w.org\/{rel}","templated":true}]}}