{"id":3470,"date":"2024-04-20T11:15:51","date_gmt":"2024-04-20T09:15:51","guid":{"rendered":"https:\/\/store.frenchicfrance.com\/?post_type=product&#038;p=3470"},"modified":"2025-09-12T15:16:43","modified_gmt":"2025-09-12T13:16:43","slug":"trim-paint-huskie-500ml","status":"publish","type":"product","link":"https:\/\/store.frenchicfrance.com\/fr\/produit\/trim-paint-huskie-500ml\/","title":{"rendered":"Trim Paint &#8211; Huskie &#8211; 500ml"},"content":{"rendered":"<p>Huskie &#8211; A cool and approachable mid-grey neutral with great strength of character. Feel the pull! It is what it is \u2013 with no obvious undertone colour to limit how or where you use it in your home.<\/p>\n<p>Trim Paint has a lovely, subtle satin sheen and is perfect for skirtings, doors and radiators, teamed with the matching ultra-matte Chalk Wall Paint.<\/p>\n<p>Also works fantastically used in its own right for other interior surfaces including furniture and kitchens!<\/p>\n<p>Huskie Trim Paint is water based with high scuff-resistance, minimal VOC content, UKCA and EN 71-3 certification, it&#8217;s ideal for nurseries &#8211; or any other room for that matter!<\/p>\n<h4><strong>Comment le pr\u00e9parer :<\/strong><\/h4>\n<p>Before using the Trim Paint in Huskie, surfaces should be clean, dry and free from grease and other penetrating substances.<\/p>\n<p>Pour les surfaces d\u00e9j\u00e0 peintes, enlevez la peinture qui se d\u00e9tache ou s'\u00e9caille.<\/p>\n<p>Clean with Frenchic <a href=\"https:\/\/store.frenchicfrance.com\/fr\/produit\/sugar-soap-500ml\/\">Cristaux de Soude<\/a>, rinse &amp; allow to dry, light sand to \u2018key\u2019 the surface to maximise paint adherence.<\/p>\n<h4><strong>How to apply Huskie:<\/strong><\/h4>\n<p>Remuez bien avant de l'utiliser.<\/p>\n<p>A minimum of 2 coats may be required.<\/p>\n<p>\u00c9vitez de peindre en plein soleil ou lorsqu'il y a de l'humidit\u00e9 dans l'air.<\/p>\n<p>La couverture varie en fonction de l'\u00e9tat et de la porosit\u00e9 de la surface.<\/p>\n<h4><strong>Temps de s\u00e9chage:<\/strong><\/h4>\n<p>Touch dry in 1 hour<\/p>\n<h4><strong>Stockage et nettoyage:<\/strong><\/h4>\n<p>Nettoyer imm\u00e9diatement les \u00e9claboussures de peinture.<\/p>\n<p>Refermez la bo\u00eete apr\u00e8s utilisation.<\/p>\n<p>\u00c9vitez de stocker la peinture dans des conditions de gel ou de temp\u00e9rature \u00e9lev\u00e9e.<\/p>\n<p>Nettoyer le pinceau avec de l'eau chaude savonneuse.<\/p>\n<p>Certifi\u00e9 sans danger pour les jouets selon EN71-3:2013+A3:2019.<\/p>\n<p><strong>La m\u00eame couleur est \u00e9galement disponible dans\u00a0:<\/strong><br \/>\nChalk Wall Paint<br \/>\nPeel and Stick Paint Sample<\/p>\n<p>We are available via WhatsApp &#8211;<a href=\"https:\/\/wa.me\/33784863599\" target=\"_blank\" rel=\"noopener\">\u00a0click here:\u00a0<\/a><\/p>\n<p><a href=\"https:\/\/www.facebook.com\/frenchicfrance\" target=\"_blank\" rel=\"noopener\">Facebook.com\/frenchicfrance<\/a><\/p>\n<p>Shop for beautiful chalk paints, finishes and waxes at Frenchic France. Our stunning range of colours and finishes are perfect for homes and gardens.<\/p>","protected":false},"excerpt":{"rendered":"<p>Huskie &#8211; A cool and approachable mid-grey neutral with great strength of character. Feel the pull! It is what it is \u2013 with no obvious undertone colour to limit how or where you use it in your home.<\/p>\n<p><strong>La m\u00eame couleur est \u00e9galement disponible dans\u00a0:<\/strong><br \/>\n<img decoding=\"async\" class=\"\" src=\"https:\/\/cdn.shopify.com\/s\/files\/1\/1421\/4742\/files\/heart_sml_16x16.png?v=1661976903\" \/> <a href=\"https:\/\/store.frenchicfrance.com\/fr\/produit\/chalk-wall-paint-huskie-2-5l\/\">Chalk Wall Paint<\/a><br \/>\n<img decoding=\"async\" class=\"\" src=\"https:\/\/cdn.shopify.com\/s\/files\/1\/1421\/4742\/files\/heart_sml_16x16.png?v=1661976903\" \/> <a href=\"https:\/\/store.frenchicfrance.com\/fr\/produit\/peel-and-stick-paint-samples\/\">Peel and Stick Paint Sample<\/a><\/p>","protected":false},"featured_media":2407,"template":"","meta":[],"product_brand":[],"product_cat":[78],"product_tag":[247],"class_list":{"0":"post-3470","1":"product","2":"type-product","3":"status-publish","4":"has-post-thumbnail","6":"product_cat-trim-paint","7":"product_tag-trim-paint","9":"first","10":"onbackorder","11":"taxable","12":"shipping-taxable","13":"purchasable","14":"product-type-simple"},"jetpack_sharing_enabled":true,"_links":{"self":[{"href":"https:\/\/store.frenchicfrance.com\/fr\/wp-json\/wp\/v2\/product\/3470","targetHints":{"allow":["GET"]}}],"collection":[{"href":"https:\/\/store.frenchicfrance.com\/fr\/wp-json\/wp\/v2\/product"}],"about":[{"href":"https:\/\/store.frenchicfrance.com\/fr\/wp-json\/wp\/v2\/types\/product"}],"wp:featuredmedia":[{"embeddable":true,"href":"https:\/\/store.frenchicfrance.com\/fr\/wp-json\/wp\/v2\/media\/2407"}],"wp:attachment":[{"href":"https:\/\/store.frenchicfrance.com\/fr\/wp-json\/wp\/v2\/media?parent=3470"}],"wp:term":[{"taxonomy":"product_brand","embeddable":true,"href":"https:\/\/store.frenchicfrance.com\/fr\/wp-json\/wp\/v2\/product_brand?post=3470"},{"taxonomy":"product_cat","embeddable":true,"href":"https:\/\/store.frenchicfrance.com\/fr\/wp-json\/wp\/v2\/product_cat?post=3470"},{"taxonomy":"product_tag","embeddable":true,"href":"https:\/\/store.frenchicfrance.com\/fr\/wp-json\/wp\/v2\/product_tag?post=3470"}],"curies":[{"name":"wp","href":"https:\/\/api.w.org\/{rel}","templated":true}]}}