{"id":3854,"date":"2024-12-10T10:51:31","date_gmt":"2024-12-10T09:51:31","guid":{"rendered":"https:\/\/store.frenchicfrance.com\/?post_type=product&#038;p=3854"},"modified":"2025-11-18T11:33:03","modified_gmt":"2025-11-18T10:33:03","slug":"metallic-regal-rosie-500ml","status":"publish","type":"product","link":"https:\/\/store.frenchicfrance.com\/fr\/produit\/metallic-regal-rosie-500ml\/","title":{"rendered":"Metallic &#8211; Regal Rosie &#8211; 500ml"},"content":{"rendered":"<h2>Regal Rosie &#8211; Once upon a time, there was a beautiful princess-pink with a gleam of simmering gold\u2026 Dreamy, metallic rose-gold to ensure all your projects will live happily ever after!<\/h2>\n<p>Add an air of luxury and elegance to your home using Metallic Paint, which is formulated for multiple surfaces. Suitable for most types of furniture, laminate, powdercoated radiators, UPVC, ceramic wall tiles (we recommend avoiding very wet areas like shower\/bath surrounds), plus wood, concrete and laminate floors with correct application \u2013 please note that maintenance may be required in these situations.<\/p>\n<p>The Metallics range is a weatherproof, durable, easy to use paint with a fabulous metallic effect finish &#8211; please note that the metallic mineral pigment content of the Frenchic Metallics range makes it a bit different to our other paints. The finish will naturally look hand-painted due to its metallic gleam as well as the nature of the mineral content \u2013 in other words, some appearance of texture is to be expected. This means it is great for a huge range of effects. If, however, a super-smooth or uniform finish is desired, the product can be sprayed by adding a little water.<\/p>\n<p>Self-priming and self-sealing, it is suitable for a wide range of surfaces both inside and out!<\/p>\n<p>Water-based, with minimal VOC content plus UKCA and EN71-3 certification meaning it is safe to use on children\u2019s toys.<\/p>\n<h4><strong>Comment le pr\u00e9parer :<\/strong><\/h4>\n<p>Before using the Metallic Paint in Regal Rosie surfaces should be clean, dry and free from grease and other penetrating substances.<\/p>\n<p>Pour les surfaces d\u00e9j\u00e0 peintes, enlevez la peinture qui se d\u00e9tache ou s'\u00e9caille.<\/p>\n<p>Clean with Frenchic <a href=\"https:\/\/store.frenchicfrance.com\/fr\/produit\/sugar-soap-500ml\/\">Cristaux de Soude<\/a>, rinse &amp; allow to dry, light sand to \u2018key\u2019 the surface to maximise paint adherence.<\/p>\n<h4><strong>How to apply Regal Rosie:<\/strong><\/h4>\n<p>Remuez bien avant de l'utiliser.<\/p>\n<p>A minimum of 2 coats may be required.<\/p>\n<p>\u00c9vitez de peindre en plein soleil ou lorsqu'il y a de l'humidit\u00e9 dans l'air.<\/p>\n<p>La couverture varie en fonction de l'\u00e9tat et de la porosit\u00e9 de la surface.<\/p>\n<h4><strong>Temps de s\u00e9chage:<\/strong><\/h4>\n<p>Touch dry in 1 hour<\/p>\n<h4><strong>Stockage et nettoyage:<\/strong><\/h4>\n<p>Nettoyer imm\u00e9diatement les \u00e9claboussures de peinture.<\/p>\n<p>Refermez la bo\u00eete apr\u00e8s utilisation.<\/p>\n<p>\u00c9vitez de stocker la peinture dans des conditions de gel ou de temp\u00e9rature \u00e9lev\u00e9e.<\/p>\n<p>Nettoyer le pinceau avec de l'eau chaude savonneuse.<\/p>\n<p>Certifi\u00e9 sans danger pour les jouets selon EN71-3:2013+A3:2019.<\/p>\n<p>We are available via WhatsApp &#8211;<a href=\"https:\/\/wa.me\/33784863599\" target=\"_blank\" rel=\"noopener\">\u00a0click here:\u00a0<\/a><\/p>","protected":false},"excerpt":{"rendered":"<p>Regal Rosie &#8211; Once upon a time, there was a beautiful princess-pink with a gleam of simmering gold\u2026 Dreamy, metallic rose-gold to ensure all your projects will live happily ever after!<\/p>","protected":false},"featured_media":3855,"template":"","meta":[],"product_brand":[],"product_cat":[243],"product_tag":[245],"class_list":{"0":"post-3854","1":"product","2":"type-product","3":"status-publish","4":"has-post-thumbnail","6":"product_cat-metallic-paint","7":"product_tag-metallics","9":"first","10":"instock","11":"taxable","12":"shipping-taxable","13":"purchasable","14":"product-type-simple"},"jetpack_sharing_enabled":true,"_links":{"self":[{"href":"https:\/\/store.frenchicfrance.com\/fr\/wp-json\/wp\/v2\/product\/3854","targetHints":{"allow":["GET"]}}],"collection":[{"href":"https:\/\/store.frenchicfrance.com\/fr\/wp-json\/wp\/v2\/product"}],"about":[{"href":"https:\/\/store.frenchicfrance.com\/fr\/wp-json\/wp\/v2\/types\/product"}],"wp:featuredmedia":[{"embeddable":true,"href":"https:\/\/store.frenchicfrance.com\/fr\/wp-json\/wp\/v2\/media\/3855"}],"wp:attachment":[{"href":"https:\/\/store.frenchicfrance.com\/fr\/wp-json\/wp\/v2\/media?parent=3854"}],"wp:term":[{"taxonomy":"product_brand","embeddable":true,"href":"https:\/\/store.frenchicfrance.com\/fr\/wp-json\/wp\/v2\/product_brand?post=3854"},{"taxonomy":"product_cat","embeddable":true,"href":"https:\/\/store.frenchicfrance.com\/fr\/wp-json\/wp\/v2\/product_cat?post=3854"},{"taxonomy":"product_tag","embeddable":true,"href":"https:\/\/store.frenchicfrance.com\/fr\/wp-json\/wp\/v2\/product_tag?post=3854"}],"curies":[{"name":"wp","href":"https:\/\/api.w.org\/{rel}","templated":true}]}}