{"id":417,"date":"2022-06-19T19:28:25","date_gmt":"2022-06-19T17:28:25","guid":{"rendered":"https:\/\/store.frenchicfrance.com\/?post_type=product&#038;p=417"},"modified":"2026-04-09T10:36:53","modified_gmt":"2026-04-09T08:36:53","slug":"lazy-range-wedding-cake","status":"publish","type":"product","link":"https:\/\/store.frenchicfrance.com\/fr\/produit\/lazy-range-wedding-cake\/","title":{"rendered":"Lazy Range &#8211; Wedding Cake &#8211; 750ml &#038; 250ml"},"content":{"rendered":"<p>Wedding Cake &#8211; This prim and proper slightly off-white is just the ticket where a softer alternative to a true white is needed. Easy on the eye and sure to be on everyone\u2019s guest list.<\/p>\n<p>Lazy Range in Wedding Cake is fabulous for transforming wooden furniture.<\/p>\n<p>Peinture \u00e0 l'eau, auto-appr\u00eatante, auto-scellante, facile \u00e0 utiliser, sans VOC ajout\u00e9s.<\/p>\n<p>Lazy Range in Wedding Cake is self levelling, meaning little to no brush marks.<\/p>\n<p>Fonctionne bien avec de nombreuses surfaces, y compris le bois, le stratifi\u00e9 et le m\u00e9tal.<\/p>\n<p>Teamed up with Browning Wax, Wedding Cake can achieve a light, faux wood effect on furniture and beams.<\/p>\n<p>Son infusion unique de cire donne une finition douce et peu brillante.<\/p>\n<p>Conforme \u00e0 la norme EN71-3*, sans danger pour les jouets d'enfants.<\/p>\n<h4><strong>Comment le pr\u00e9parer :<\/strong><\/h4>\n<p>Les surfaces doivent \u00eatre propres, s\u00e8ches et exemptes de graisse et d'autres substances p\u00e9n\u00e9trantes.<\/p>\n<p>Pour les surfaces d\u00e9j\u00e0 peintes, enlevez la peinture qui se d\u00e9tache ou s'\u00e9caille.<\/p>\n<p>Clean with <a href=\"https:\/\/store.frenchicfrance.com\/fr\/produit\/sugar-soap-500ml\/\">Cristaux de Soude<\/a>, rinse &amp; allow to dry, light sand to \u2018key\u2019 the surface to maximise paint adherence.<\/p>\n<h4><strong>Comment appliquer Lazy Range en Wedding Cake.<\/strong><\/h4>\n<p>Remuez bien avant de l'utiliser.<\/p>\n<p>Un minimum de 2 couches est n\u00e9cessaire.<\/p>\n<p>\u00c9vitez de peindre en plein soleil ou lorsqu'il y a de l'humidit\u00e9 dans l'air.<\/p>\n<h4><strong>Couverture<\/strong><\/h4>\n<p>Une bo\u00eete de 750 ml permet de recouvrir jusqu'\u00e0 12,5 m2.<\/p>\n<p>La couverture varie en fonction de l'\u00e9tat et de la porosit\u00e9 de la surface.<\/p>\n<p>Si vous peignez une couleur contrastante sur la surface, des couches suppl\u00e9mentaires peuvent \u00eatre n\u00e9cessaires pour obtenir l'effet visuel complet.<\/p>\n<h4><strong>Temps de s\u00e9chage:<\/strong><\/h4>\n<p>Sec au toucher 1 heure.<\/p>\n<h4><strong>Stockage et nettoyage:<\/strong><\/h4>\n<p>Nettoyer imm\u00e9diatement les \u00e9claboussures de peinture.<\/p>\n<p>Refermez la bo\u00eete apr\u00e8s utilisation.<\/p>\n<p>\u00c9vitez de stocker la peinture dans des conditions de gel ou de temp\u00e9rature \u00e9lev\u00e9e.<\/p>\n<p>Nettoyer le pinceau avec de l'eau chaude savonneuse.<\/p>\n<p><strong>Ingr\u00e9dients:<\/strong><\/p>\n<p>Craie, argile, dioxyde de titane, r\u00e9sine, talc conservateur, cire.<\/p>\n<p>Certifi\u00e9 sans danger pour les jouets selon EN71-3:2013+A3:2019.<\/p>\n<p><strong>La m\u00eame couleur est \u00e9galement disponible dans\u00a0:<\/strong><br \/>\nPeel and Stick Paint Sample<br \/>\nChalk Wall Paint<br \/>\nPeinture Trim<br \/>\nAl Fresco<\/p>\n<p>We are available via WhatsApp &#8211;<a href=\"https:\/\/wa.me\/33784863599\" target=\"_blank\" rel=\"noopener\">\u00a0click here:\u00a0<\/a><\/p>","protected":false},"excerpt":{"rendered":"<p>Wedding Cake &#8211; This prim and proper slightly off-white is just the ticket where a softer alternative to a true white is needed. Easy on the eye and sure to be on everyone\u2019s guest list.<\/p>\n<p><strong>La m\u00eame couleur est \u00e9galement disponible dans\u00a0:<\/strong><br \/>\n<img decoding=\"async\" src=\"https:\/\/cdn.shopify.com\/s\/files\/1\/1421\/4742\/files\/heart_sml_16x16.png?v=1661976903\" \/> <a href=\"https:\/\/store.frenchicfrance.com\/fr\/produit\/peel-and-stick-paint-samples\/\">Peel and Stick Paint Sample<\/a><br \/>\n<img decoding=\"async\" src=\"https:\/\/cdn.shopify.com\/s\/files\/1\/1421\/4742\/files\/heart_sml_16x16.png?v=1661976903\" \/><a href=\"https:\/\/store.frenchicfrance.com\/fr\/produit\/wall-paint-wedding-cake-2-5l\/\"> Chalk Wall Paint<\/a><br \/>\n<img decoding=\"async\" src=\"https:\/\/cdn.shopify.com\/s\/files\/1\/1421\/4742\/files\/heart_sml_16x16.png?v=1661976903\" \/> <a href=\"https:\/\/store.frenchicfrance.com\/fr\/produit\/trim-paint-wedding-cake-500ml\/\">Peinture Trim<\/a><br \/>\n<img decoding=\"async\" src=\"https:\/\/cdn.shopify.com\/s\/files\/1\/1421\/4742\/files\/heart_sml_16x16.png?v=1661976903\" \/><a href=\"https:\/\/store.frenchicfrance.com\/fr\/produit\/al-fresco-wedding-cake\/\"> Al Fresco<\/a><\/p>","protected":false},"featured_media":447,"template":"","meta":[],"product_brand":[],"product_cat":[48],"product_tag":[253],"class_list":{"0":"post-417","1":"product","2":"type-product","3":"status-publish","4":"has-post-thumbnail","6":"product_cat-lazy-range","7":"product_tag-lazy-range","9":"first","10":"instock","11":"sale","12":"taxable","13":"shipping-taxable","14":"purchasable","15":"product-type-variable"},"jetpack_sharing_enabled":true,"_links":{"self":[{"href":"https:\/\/store.frenchicfrance.com\/fr\/wp-json\/wp\/v2\/product\/417","targetHints":{"allow":["GET"]}}],"collection":[{"href":"https:\/\/store.frenchicfrance.com\/fr\/wp-json\/wp\/v2\/product"}],"about":[{"href":"https:\/\/store.frenchicfrance.com\/fr\/wp-json\/wp\/v2\/types\/product"}],"wp:featuredmedia":[{"embeddable":true,"href":"https:\/\/store.frenchicfrance.com\/fr\/wp-json\/wp\/v2\/media\/447"}],"wp:attachment":[{"href":"https:\/\/store.frenchicfrance.com\/fr\/wp-json\/wp\/v2\/media?parent=417"}],"wp:term":[{"taxonomy":"product_brand","embeddable":true,"href":"https:\/\/store.frenchicfrance.com\/fr\/wp-json\/wp\/v2\/product_brand?post=417"},{"taxonomy":"product_cat","embeddable":true,"href":"https:\/\/store.frenchicfrance.com\/fr\/wp-json\/wp\/v2\/product_cat?post=417"},{"taxonomy":"product_tag","embeddable":true,"href":"https:\/\/store.frenchicfrance.com\/fr\/wp-json\/wp\/v2\/product_tag?post=417"}],"curies":[{"name":"wp","href":"https:\/\/api.w.org\/{rel}","templated":true}]}}