{"id":579,"date":"2022-06-24T09:47:46","date_gmt":"2022-06-24T07:47:46","guid":{"rendered":"https:\/\/store.frenchicfrance.com\/?post_type=product&#038;p=579"},"modified":"2025-09-12T16:10:09","modified_gmt":"2025-09-12T14:10:09","slug":"original-artisan-range-grey-pebble-750ml","status":"publish","type":"product","link":"https:\/\/store.frenchicfrance.com\/fr\/produit\/original-artisan-range-grey-pebble-750ml\/","title":{"rendered":"Original Artisan Range &#8211; Grey Pebble &#8211; 750ml"},"content":{"rendered":"<p>Grey Pebble &#8211; a classy and adaptable mid-toned, proper grey \u2013 fits in just about anywhere, so sure to become a firm favourite for your furniture!<\/p>\n<p>Facile pour les d\u00e9butants et le choix des professionnels.<\/p>\n<p>Original Artisan Range - Grey Pebble est une peinture de style traditionnel, \u00e9cologique, \u00e0 base de craie et de min\u00e9raux.<\/p>\n<p>Riche, cr\u00e9meux et auto-amor\u00e7ant, il offre une couverture sup\u00e9rieure.<\/p>\n<p>Teneur minimale en VOC et pratiquement aucune odeur.<\/p>\n<p>Seal with one of our buttery waxes, <a href=\"https:\/\/store.frenchicfrance.com\/fr\/produit\/finishing-coat-500ml-clear\/\">Finishing Coat<\/a> or <a href=\"https:\/\/store.frenchicfrance.com\/fr\/produit\/tuff-top-coat-500ml-clear-matt\/\">Tuff Top Coat<\/a>\u00a0for durability.<\/p>\n<p>Vous pouvez cr\u00e9er des effets d\u00e9coratifs presque infinis - laissez libre cours \u00e0 votre imagination avec des textures et des couches de couleurs multiples pour un look \u00e9clectique rustique ou vieilli ou optez pour une finition lisse et \u00e9l\u00e9gante.<\/p>\n<p>Comme toutes les peintures et finitions Frenchic, elles sont certifi\u00e9es UKCA et EN71-3, ce qui signifie qu'elles peuvent \u00eatre utilis\u00e9es en toute s\u00e9curit\u00e9 sur les jouets des enfants.<\/p>\n<h4><strong>Comment le pr\u00e9parer :<\/strong><\/h4>\n<p>Les surfaces doivent \u00eatre propres, s\u00e8ches et exemptes de graisse et d'autres substances p\u00e9n\u00e9trantes.<\/p>\n<p>Pour les surfaces d\u00e9j\u00e0 peintes, enlevez la peinture qui se d\u00e9tache ou s'\u00e9caille.<\/p>\n<p>Clean with <a href=\"https:\/\/store.frenchicfrance.com\/fr\/produit\/sugar-soap-500ml\/\">Cristaux de Soude<\/a>, rinse &amp; allow to dry, then give a light sand to \u2018key\u2019 the surface to maximise paint adherence.<\/p>\n<h4><strong>Comment appliquer Grey Pebble:<\/strong><\/h4>\n<p>Remuez bien avant de l'utiliser.<\/p>\n<p>Un minimum de 2 couches est n\u00e9cessaire.<\/p>\n<p>\u00c9vitez de peindre en plein soleil ou lorsqu'il y a de l'humidit\u00e9 dans l'air.<\/p>\n<h4><strong>Couverture<\/strong><\/h4>\n<p>Une bo\u00eete de 750 ml permet de recouvrir jusqu'\u00e0 12,5 m2.<\/p>\n<p>La couverture varie en fonction de l'\u00e9tat et de la porosit\u00e9 de la surface.<\/p>\n<p>Si vous peignez une couleur contrastante sur la surface, des couches suppl\u00e9mentaires peuvent \u00eatre n\u00e9cessaires pour obtenir l'effet visuel complet.<\/p>\n<h4><strong>Temps de s\u00e9chage:<\/strong><\/h4>\n<p>Sec au toucher 1 heure.<\/p>\n<h4><strong>Stockage et nettoyage:<\/strong><\/h4>\n<p>Nettoyer imm\u00e9diatement les \u00e9claboussures de peinture.<\/p>\n<p>Refermez la bo\u00eete apr\u00e8s utilisation.<\/p>\n<p>\u00c9vitez de stocker la peinture dans des conditions de gel ou de temp\u00e9rature \u00e9lev\u00e9e.<\/p>\n<p>Nettoyer le pinceau avec de l'eau chaude savonneuse.<\/p>\n<h5><strong>Ingr\u00e9dients:<\/strong><\/h5>\n<p>Craie, argile, dioxyde de titane, r\u00e9sine, talc conservateur, cire.<\/p>\n<p><strong>La m\u00eame couleur est \u00e9galement disponible dans\u00a0:<\/strong><br \/>\nChalk Wall Paint<br \/>\nPeinture Trim<br \/>\nPeel and Stick Paint Sample<\/p>\n<p>We are available via WhatsApp &#8211;<a href=\"https:\/\/wa.me\/33784863599\" target=\"_blank\" rel=\"noopener\">\u00a0click here:\u00a0<\/a><br \/>\n<a href=\"https:\/\/www.facebook.com\/frenchicfrance\" target=\"_blank\" rel=\"noopener\">Facebook.com\/frenchicfrance<\/a><\/p>","protected":false},"excerpt":{"rendered":"<p>Grey Pebble &#8211; a classy and adaptable mid-toned, proper grey \u2013 fits in just about anywhere, so sure to become a firm favourite for your furniture!<\/p>\n<p><strong>La m\u00eame couleur est \u00e9galement disponible dans\u00a0:<\/strong><br \/>\n<img decoding=\"async\" src=\"https:\/\/cdn.shopify.com\/s\/files\/1\/1421\/4742\/files\/heart_sml_16x16.png?v=1661976903\" \/> <a href=\"https:\/\/store.frenchicfrance.com\/fr\/produit\/wall-paint-grey-pebble-2-5l\/\">Chalk Wall Paint<\/a><br \/>\n<img decoding=\"async\" src=\"https:\/\/cdn.shopify.com\/s\/files\/1\/1421\/4742\/files\/heart_sml_16x16.png?v=1661976903\" \/> <a href=\"https:\/\/store.frenchicfrance.com\/fr\/produit\/trim-paint-grey-pebble-500ml\/\">Peinture Trim<\/a><br \/>\n<img decoding=\"async\" src=\"https:\/\/cdn.shopify.com\/s\/files\/1\/1421\/4742\/files\/heart_sml_16x16.png?v=1661976903\" \/> <a href=\"https:\/\/store.frenchicfrance.com\/fr\/produit\/peel-and-stick-paint-samples\/\">Peel and Stick Paint Sample<\/a><\/p>","protected":false},"featured_media":3771,"template":"","meta":[],"product_brand":[],"product_cat":[59],"product_tag":[248],"class_list":{"0":"post-579","1":"product","2":"type-product","3":"status-publish","4":"has-post-thumbnail","6":"product_cat-orginal-artisan-range","7":"product_tag-original-artisan-range","9":"first","10":"instock","11":"sale","12":"taxable","13":"shipping-taxable","14":"purchasable","15":"product-type-simple"},"jetpack_sharing_enabled":true,"_links":{"self":[{"href":"https:\/\/store.frenchicfrance.com\/fr\/wp-json\/wp\/v2\/product\/579","targetHints":{"allow":["GET"]}}],"collection":[{"href":"https:\/\/store.frenchicfrance.com\/fr\/wp-json\/wp\/v2\/product"}],"about":[{"href":"https:\/\/store.frenchicfrance.com\/fr\/wp-json\/wp\/v2\/types\/product"}],"wp:featuredmedia":[{"embeddable":true,"href":"https:\/\/store.frenchicfrance.com\/fr\/wp-json\/wp\/v2\/media\/3771"}],"wp:attachment":[{"href":"https:\/\/store.frenchicfrance.com\/fr\/wp-json\/wp\/v2\/media?parent=579"}],"wp:term":[{"taxonomy":"product_brand","embeddable":true,"href":"https:\/\/store.frenchicfrance.com\/fr\/wp-json\/wp\/v2\/product_brand?post=579"},{"taxonomy":"product_cat","embeddable":true,"href":"https:\/\/store.frenchicfrance.com\/fr\/wp-json\/wp\/v2\/product_cat?post=579"},{"taxonomy":"product_tag","embeddable":true,"href":"https:\/\/store.frenchicfrance.com\/fr\/wp-json\/wp\/v2\/product_tag?post=579"}],"curies":[{"name":"wp","href":"https:\/\/api.w.org\/{rel}","templated":true}]}}