{"id":596,"date":"2022-06-24T09:47:47","date_gmt":"2022-06-24T07:47:47","guid":{"rendered":"https:\/\/store.frenchicfrance.com\/?post_type=product&#038;p=596"},"modified":"2025-09-12T16:13:46","modified_gmt":"2025-09-12T14:13:46","slug":"original-artisan-range-150ml-various-colours","status":"publish","type":"product","link":"https:\/\/store.frenchicfrance.com\/fr\/produit\/original-artisan-range-150ml-various-colours\/","title":{"rendered":"The Fabulous Original Artisan Range &#8211; 150ml &#8211; Various Colours"},"content":{"rendered":"<h4>The fabulous Original Artisan Range &#8211; Various Colours &#8211; 150ml<\/h4>\n<p>The Original Artisan Range is a traditional style, eco-friendly, chalk and mineral paint.<\/p>\n<p>Colours available:<\/p>\n<p><strong>Grey Pebble,\u00a0 Lady Grey and Virgin.<\/strong><\/p>\n<p>It&#8217;s rich, creamy and self-priming and gives you superior coverage.<\/p>\n<p>Teneur minimale en VOC et pratiquement aucune odeur.<\/p>\n<p>Traditionally, the Original Artisan Range benefits from sealing with either Waxes, <a href=\"https:\/\/store.frenchicfrance.com\/fr\/produit\/finishing-coat-500ml-clear\/\">Finishing Coat<\/a> or <a href=\"https:\/\/store.frenchicfrance.com\/fr\/produit\/tuff-top-coat-500ml-clear-matt\/\">Tuff Top Coat<\/a>\u00a0for extra protection and durability.<\/p>\n<p>Vous pouvez cr\u00e9er des effets d\u00e9coratifs presque infinis - laissez libre cours \u00e0 votre imagination avec des textures et des couches de couleurs multiples pour un look \u00e9clectique rustique ou vieilli ou optez pour une finition lisse et \u00e9l\u00e9gante.<\/p>\n<p>Comme toutes les peintures et finitions Frenchic, elles sont certifi\u00e9es UKCA et EN71-3, ce qui signifie qu'elles peuvent \u00eatre utilis\u00e9es en toute s\u00e9curit\u00e9 sur les jouets des enfants.<\/p>\n<h4><strong>Pr\u00e9paration<\/strong><\/h4>\n<p>Ensure surfaces are in suitable condition for painting &#8211; clean, dry, free from wax, grease or penetrating substances and in sound condition. If previously painted, remove loose or flaking paint.<\/p>\n<p>Surface preparation required in addition to the above \u2013 clean with Frenchic <a href=\"https:\/\/store.frenchicfrance.com\/fr\/produit\/sugar-soap-500ml\/\">Cristaux de Soude<\/a>, rinse and dry thoroughly. Hand sand sufficiently to abrade the surface. Wipe off any dust, paint away.<\/p>\n<p>Stir thoroughly with a wide implement, such as a Paint Paddle, prior to each use.<\/p>\n<h4><strong>Application, drying and curing time:<\/strong><\/h4>\n<p>Apply with a good quality brush or a roller. Also suitable for spraying &#8211; thin with up to 15% tap water and apply additional coats.<\/p>\n<p>To allow self-levelling, avoid overworking the paint.<\/p>\n<p>Allow a minimum of 1 hour between coats\u00a0(even if the paint feels touch dry).<\/p>\n<p>Curing (hardening) time is 2-3 weeks in normal conditions. Treat gently until curing is complete.<\/p>\n<h4><strong>Clean up and storage:<\/strong><\/h4>\n<p>Reseal pot after use. Clean up any spills immediately with water. Wash brushes in warm, soapy water.<br \/>\nDo not store where the pot could be subjected to damp, frost, freezing or high temperatures.<\/p>\n<p><strong>Colours also available in:<\/strong><br \/>\nChalk Wall Paint<br \/>\nPeinture Trim<br \/>\nPeel and Stick Paint Sample<\/p>\n<p><a href=\"https:\/\/www.facebook.com\/frenchicfrance\" target=\"_blank\" rel=\"noopener\">https:\/\/www.facebook.com\/frenchicfrance\u00a0<\/a><\/p>\n<p>We are available via WhatsApp &#8211;<a href=\"https:\/\/wa.me\/33784863599\" target=\"_blank\" rel=\"noopener\">\u00a0click here:\u00a0<\/a><\/p>","protected":false},"excerpt":{"rendered":"<h4>The fabulous Original Artisan Range &#8211; Various Colours &#8211; 150ml<\/h4>\n<p>The Original Artisan Range is a traditional style, eco-friendly, chalk and mineral paint.<\/p>\n<p><strong>Grey Pebble, Lady Grey &amp; Virgin.<\/strong><\/p>\n<p><strong>Colours also available in:<\/strong><br \/>\nChalk Wall Paint<br \/>\nPeinture Trim<br \/>\n<a href=\"https:\/\/store.frenchicfrance.com\/fr\/produit\/peel-and-stick-paint-samples\/\">Peel and Stick Paint Samples<\/a><\/p>","protected":false},"featured_media":626,"template":"","meta":[],"product_brand":[],"product_cat":[59],"product_tag":[248],"class_list":{"0":"post-596","1":"product","2":"type-product","3":"status-publish","4":"has-post-thumbnail","6":"product_cat-orginal-artisan-range","7":"product_tag-original-artisan-range","9":"first","10":"instock","11":"sale","12":"taxable","13":"shipping-taxable","14":"purchasable","15":"product-type-variable"},"jetpack_sharing_enabled":true,"_links":{"self":[{"href":"https:\/\/store.frenchicfrance.com\/fr\/wp-json\/wp\/v2\/product\/596","targetHints":{"allow":["GET"]}}],"collection":[{"href":"https:\/\/store.frenchicfrance.com\/fr\/wp-json\/wp\/v2\/product"}],"about":[{"href":"https:\/\/store.frenchicfrance.com\/fr\/wp-json\/wp\/v2\/types\/product"}],"wp:featuredmedia":[{"embeddable":true,"href":"https:\/\/store.frenchicfrance.com\/fr\/wp-json\/wp\/v2\/media\/626"}],"wp:attachment":[{"href":"https:\/\/store.frenchicfrance.com\/fr\/wp-json\/wp\/v2\/media?parent=596"}],"wp:term":[{"taxonomy":"product_brand","embeddable":true,"href":"https:\/\/store.frenchicfrance.com\/fr\/wp-json\/wp\/v2\/product_brand?post=596"},{"taxonomy":"product_cat","embeddable":true,"href":"https:\/\/store.frenchicfrance.com\/fr\/wp-json\/wp\/v2\/product_cat?post=596"},{"taxonomy":"product_tag","embeddable":true,"href":"https:\/\/store.frenchicfrance.com\/fr\/wp-json\/wp\/v2\/product_tag?post=596"}],"curies":[{"name":"wp","href":"https:\/\/api.w.org\/{rel}","templated":true}]}}